{"id":3,"date":"2024-07-16T10:01:28","date_gmt":"2024-07-16T08:01:28","guid":{"rendered":"https:\/\/www.karin-valenta.at\/?page_id=3"},"modified":"2026-01-20T10:10:06","modified_gmt":"2026-01-20T09:10:06","slug":"datenschutzerklaerung","status":"publish","type":"page","link":"https:\/\/www.karin-valenta.at\/?page_id=3","title":{"rendered":"Datenschutzerkl\u00e4rung"},"content":{"rendered":"\n<p><strong>Impressum\/Datenschutzerkl\u00e4rung<\/strong><\/p>\n\n\n\n<p>Karin Valenta,<br>Kinderheimgasse 10\/3,<br>2732 Willendorf am Steinfelde<br><br>post@karin-valenta.at<\/p>\n\n\n\n<p>Datenschutzerkl\u00e4rung<\/p>\n\n\n\n<p>Der Schutz Ihrer pers\u00f6nlichen Daten ist&nbsp;<strong>Karin Valenta<\/strong>&nbsp;ein besonderes Anliegen. Wir verarbeiten Ihre personenbezogenen Daten daher ausschlie\u00dflich auf Grundlage der gesetzlichen Bestimmungen (DSGVO, TKG 2003).<br>In dieser Datenschutzerkl\u00e4rung informieren wir Sie \u00fcber die wichtigsten Aspekte der Datenverarbeitung im Rahmen unserer Website.<\/p>\n\n\n\n<hr class=\"wp-block-separator has-alpha-channel-opacity\"\/>\n\n\n\n<h2 class=\"wp-block-heading\">Kontakt mit uns<\/h2>\n\n\n\n<p>Wenn Sie per Formular auf der Website oder per E-Mail Kontakt mit uns aufnehmen, werden Ihre angegebenen Daten zwecks Bearbeitung der Anfrage sowie f\u00fcr den Fall von Anschlussfragen&nbsp;<strong>f\u00fcr sechs Monate gespeichert<\/strong>.<br>Diese Daten geben wir nicht ohne Ihre Einwilligung weiter.<\/p>\n\n\n\n<hr class=\"wp-block-separator has-alpha-channel-opacity\"\/>\n\n\n\n<h2 class=\"wp-block-heading\">Web-Analyse<\/h2>\n\n\n\n<p>Unsere Website kann Funktionen eines Webanalysedienstes nutzen, um Informationen \u00fcber die Nutzung der Website zu erhalten. Dazu werden Cookies verwendet, die eine Analyse der Benutzung der Website durch Ihre Benutzer erm\u00f6glicht.<br>Die dadurch erzeugten Informationen werden ausschlie\u00dflich zur Verbesserung unseres Webangebots verwendet.<\/p>\n\n\n\n<p>Sofern Daten verarbeitet werden, erfolgt dies auf Grundlage des berechtigten Interesses gem\u00e4\u00df Art. 6 Abs. 1 lit. f DSGVO.<\/p>\n\n\n\n<hr class=\"wp-block-separator has-alpha-channel-opacity\"\/>\n\n\n\n<h2 class=\"wp-block-heading\">Cookies<\/h2>\n\n\n\n<p>Unsere Website verwendet sogenannte Cookies. Dabei handelt es sich um kleine Textdateien, die mit Hilfe des Browsers auf Ihrem Endger\u00e4t abgelegt werden.<br>Cookies richten keinen Schaden an. Wir nutzen Cookies dazu, unser Angebot nutzerfreundlich zu gestalten.<\/p>\n\n\n\n<p>Einige Cookies bleiben auf Ihrem Endger\u00e4t gespeichert, bis Sie diese l\u00f6schen. Sie erm\u00f6glichen es uns, Ihren Browser beim n\u00e4chsten Besuch wiederzuerkennen.<\/p>\n\n\n\n<p>Beim ersten Besuch unserer Website werden Sie mittels Cookie-Banner \u00fcber die Verwendung von Cookies informiert.<\/p>\n\n\n\n<hr class=\"wp-block-separator has-alpha-channel-opacity\"\/>\n\n\n\n<h2 class=\"wp-block-heading\">Ihre Rechte<\/h2>\n\n\n\n<p>Ihnen stehen bez\u00fcglich Ihrer bei uns gespeicherten Daten grunds\u00e4tzlich die Rechte auf<\/p>\n\n\n\n<ul class=\"wp-block-list\">\n<li>Auskunft<\/li>\n\n\n\n<li>Berichtigung<\/li>\n\n\n\n<li>L\u00f6schung<\/li>\n\n\n\n<li>Einschr\u00e4nkung<\/li>\n\n\n\n<li>Daten\u00fcbertragbarkeit<\/li>\n\n\n\n<li>Widerruf<\/li>\n\n\n\n<li>Widerspruch<\/li>\n<\/ul>\n\n\n\n<p>zu.<\/p>\n\n\n\n<p>Wenn Sie glauben, dass die Verarbeitung Ihrer Daten gegen das Datenschutzrecht verst\u00f6\u00dft oder Ihre datenschutzrechtlichen Anspr\u00fcche sonst in einer Weise verletzt worden sind, k\u00f6nnen Sie sich bei der Aufsichtsbeh\u00f6rde beschweren.<\/p>\n\n\n\n<hr class=\"wp-block-separator has-alpha-channel-opacity\"\/>\n\n\n\n<h2 class=\"wp-block-heading\">Verantwortliche Stelle \/ Kontakt<\/h2>\n\n\n\n<p><strong>Karin Valenta<\/strong><br>E-Mail:&nbsp;<strong><a>tina@promote-me.at<\/a><\/strong><\/p>\n","protected":false},"excerpt":{"rendered":"<p>Impressum\/Datenschutzerkl\u00e4rung Karin Valenta,Kinderheimgasse 10\/3,2732 Willendorf am Steinfelde post@karin-valenta.at Datenschutzerkl\u00e4rung Der Schutz Ihrer pers\u00f6nlichen Daten ist&nbsp;Karin Valenta&nbsp;ein besonderes Anliegen. Wir verarbeiten Ihre personenbezogenen Daten daher ausschlie\u00dflich auf Grundlage der gesetzlichen Bestimmungen (DSGVO, TKG 2003).In dieser Datenschutzerkl\u00e4rung informieren wir Sie \u00fcber die wichtigsten Aspekte der Datenverarbeitung im Rahmen unserer Website. Kontakt mit uns Wenn Sie per Formular [&hellip;]<\/p>\n","protected":false},"author":1,"featured_media":0,"parent":0,"menu_order":0,"comment_status":"closed","ping_status":"open","template":"","meta":{"footnotes":""},"class_list":["post-3","page","type-page","status-publish","hentry"],"_links":{"self":[{"href":"https:\/\/www.karin-valenta.at\/index.php?rest_route=\/wp\/v2\/pages\/3","targetHints":{"allow":["GET"]}}],"collection":[{"href":"https:\/\/www.karin-valenta.at\/index.php?rest_route=\/wp\/v2\/pages"}],"about":[{"href":"https:\/\/www.karin-valenta.at\/index.php?rest_route=\/wp\/v2\/types\/page"}],"author":[{"embeddable":true,"href":"https:\/\/www.karin-valenta.at\/index.php?rest_route=\/wp\/v2\/users\/1"}],"replies":[{"embeddable":true,"href":"https:\/\/www.karin-valenta.at\/index.php?rest_route=%2Fwp%2Fv2%2Fcomments&post=3"}],"version-history":[{"count":4,"href":"https:\/\/www.karin-valenta.at\/index.php?rest_route=\/wp\/v2\/pages\/3\/revisions"}],"predecessor-version":[{"id":174,"href":"https:\/\/www.karin-valenta.at\/index.php?rest_route=\/wp\/v2\/pages\/3\/revisions\/174"}],"wp:attachment":[{"href":"https:\/\/www.karin-valenta.at\/index.php?rest_route=%2Fwp%2Fv2%2Fmedia&parent=3"}],"curies":[{"name":"wp","href":"https:\/\/api.w.org\/{rel}","templated":true}]}}